{"id":524,"date":"2024-02-15T13:28:26","date_gmt":"2024-02-15T13:28:26","guid":{"rendered":"https:\/\/mkv.si\/?page_id=524"},"modified":"2024-02-15T13:38:47","modified_gmt":"2024-02-15T13:38:47","slug":"izjava-o-zasebnosti","status":"publish","type":"page","link":"https:\/\/mkv.si\/en\/izjava-o-zasebnosti\/","title":{"rendered":"Privacy Statement"},"content":{"rendered":"<div data-elementor-type=\"wp-page\" data-elementor-id=\"524\" class=\"elementor elementor-524\" data-elementor-post-type=\"page\">\n\t\t\t\t<div class=\"elementor-element elementor-element-21ba847 e-con-full e-flex e-con e-parent\" data-id=\"21ba847\" data-element_type=\"container\" data-settings=\"{&quot;content_width&quot;:&quot;full&quot;,&quot;background_background&quot;:&quot;gradient&quot;,&quot;container_type&quot;:&quot;flex&quot;}\" data-core-v316-plus=\"true\">\n\t\t<div class=\"elementor-element elementor-element-6a7feeb e-con-full e-flex e-con e-child\" data-id=\"6a7feeb\" data-element_type=\"container\" data-settings=\"{&quot;content_width&quot;:&quot;full&quot;,&quot;container_type&quot;:&quot;flex&quot;}\">\n\t\t<div class=\"elementor-element elementor-element-65d9be5 e-con-full e-flex e-con e-child\" data-id=\"65d9be5\" data-element_type=\"container\" data-settings=\"{&quot;content_width&quot;:&quot;full&quot;,&quot;container_type&quot;:&quot;flex&quot;}\">\n\t\t\t\t<div class=\"elementor-element elementor-element-a51be95 elementor-widget elementor-widget-heading\" data-id=\"a51be95\" data-element_type=\"widget\" data-widget_type=\"heading.default\">\n\t\t\t\t<div class=\"elementor-widget-container\">\n\t\t\t<style>\/*! elementor - v3.19.0 - 29-01-2024 *\/\n.elementor-heading-title{padding:0;margin:0;line-height:1}.elementor-widget-heading .elementor-heading-title[class*=elementor-size-]>a{color:inherit;font-size:inherit;line-height:inherit}.elementor-widget-heading .elementor-heading-title.elementor-size-small{font-size:15px}.elementor-widget-heading .elementor-heading-title.elementor-size-medium{font-size:19px}.elementor-widget-heading .elementor-heading-title.elementor-size-large{font-size:29px}.elementor-widget-heading .elementor-heading-title.elementor-size-xl{font-size:39px}.elementor-widget-heading .elementor-heading-title.elementor-size-xxl{font-size:59px}<\/style><h2 class=\"elementor-heading-title elementor-size-default\">Privacy Statement<\/h2>\t\t<\/div>\n\t\t\t\t<\/div>\n\t\t\t\t<\/div>\n\t\t\t\t<\/div>\n\t\t\t\t<\/div>\n\t\t<div class=\"elementor-element elementor-element-fac960a e-con-full e-flex e-con e-parent\" data-id=\"fac960a\" data-element_type=\"container\" data-settings=\"{&quot;content_width&quot;:&quot;full&quot;,&quot;container_type&quot;:&quot;flex&quot;}\" data-core-v316-plus=\"true\">\n\t\t\t\t<div class=\"elementor-element elementor-element-819c41f elementor-widget elementor-widget-text-editor\" data-id=\"819c41f\" data-element_type=\"widget\" data-widget_type=\"text-editor.default\">\n\t\t\t\t<div class=\"elementor-widget-container\">\n\t\t\t<style>\/*! elementor - v3.19.0 - 29-01-2024 *\/\n.elementor-widget-text-editor.elementor-drop-cap-view-stacked .elementor-drop-cap{background-color:#69727d;color:#fff}.elementor-widget-text-editor.elementor-drop-cap-view-framed .elementor-drop-cap{color:#69727d;border:3px solid;background-color:transparent}.elementor-widget-text-editor:not(.elementor-drop-cap-view-default) .elementor-drop-cap{margin-top:8px}.elementor-widget-text-editor:not(.elementor-drop-cap-view-default) .elementor-drop-cap-letter{width:1em;height:1em}.elementor-widget-text-editor .elementor-drop-cap{float:left;text-align:center;line-height:1;font-size:50px}.elementor-widget-text-editor .elementor-drop-cap-letter{display:inline-block}<\/style>\t\t\t\t<p>Your personal data is for MKV d.o.o. Potr\u010deva cesta 65, Ptuj, 2250 Ptuj (\"MKV\") is very important to us and we protect it in accordance with Regulation (EU) 2016\/679 of the European Parliament and of the Council on the protection of individuals with regard to the processing of personal data and on the free movement of such data, and repealing Directive 95\/46\/EC (General Data Protection Regulation) and other applicable law.<\/p>\t\t\t\t\t\t<\/div>\n\t\t\t\t<\/div>\n\t\t\t\t<div class=\"elementor-element elementor-element-388394b elementor-widget elementor-widget-heading\" data-id=\"388394b\" data-element_type=\"widget\" data-widget_type=\"heading.default\">\n\t\t\t\t<div class=\"elementor-widget-container\">\n\t\t\t<h2 class=\"elementor-heading-title elementor-size-default\">Personal data<\/h2>\t\t<\/div>\n\t\t\t\t<\/div>\n\t\t\t\t<div class=\"elementor-element elementor-element-5473e93 elementor-widget elementor-widget-text-editor\" data-id=\"5473e93\" data-element_type=\"widget\" data-widget_type=\"text-editor.default\">\n\t\t\t\t<div class=\"elementor-widget-container\">\n\t\t\t\t\t\t\t<p>Your personal data is for MKV d.o.o. Potr\u010deva cesta 65, Ptuj, 2250 Ptuj (\"MKV\") is very important to us and we protect it in accordance with Regulation (EU) 2016\/679 of the European Parliament and of the Council on the protection of individuals with regard to the processing of personal data and on the free movement of such data, and repealing Directive 95\/46\/EC (General Data Protection Regulation) and other applicable law.<\/p>\t\t\t\t\t\t<\/div>\n\t\t\t\t<\/div>\n\t\t\t\t<div class=\"elementor-element elementor-element-75e6fa8 elementor-widget elementor-widget-heading\" data-id=\"75e6fa8\" data-element_type=\"widget\" data-widget_type=\"heading.default\">\n\t\t\t\t<div class=\"elementor-widget-container\">\n\t\t\t<h2 class=\"elementor-heading-title elementor-size-default\">1. Who processes your personal data?<\/h2>\t\t<\/div>\n\t\t\t\t<\/div>\n\t\t\t\t<div class=\"elementor-element elementor-element-9f26ac8 elementor-widget elementor-widget-text-editor\" data-id=\"9f26ac8\" data-element_type=\"widget\" data-widget_type=\"text-editor.default\">\n\t\t\t\t<div class=\"elementor-widget-container\">\n\t\t\t\t\t\t\t<p class=\" translation-block\">MKV d.o.o.<br>Potr\u010deva cesta 65, Ptuj, 2250 Ptuj<br>Telephone: +386 (2) 775 38 30<br>E-mail: info@mkv.si<\/p>\t\t\t\t\t\t<\/div>\n\t\t\t\t<\/div>\n\t\t\t\t<div class=\"elementor-element elementor-element-190aca2 elementor-widget elementor-widget-heading\" data-id=\"190aca2\" data-element_type=\"widget\" data-widget_type=\"heading.default\">\n\t\t\t\t<div class=\"elementor-widget-container\">\n\t\t\t<h2 class=\"elementor-heading-title elementor-size-default\">2. What data do we process?<\/h2>\t\t<\/div>\n\t\t\t\t<\/div>\n\t\t\t\t<div class=\"elementor-element elementor-element-755311d elementor-widget elementor-widget-text-editor\" data-id=\"755311d\" data-element_type=\"widget\" data-widget_type=\"text-editor.default\">\n\t\t\t\t<div class=\"elementor-widget-container\">\n\t\t\t\t\t\t\t<p>When you fill in the online form on the website, you provide us with the following information:<\/p><ul><li>Name and surname,<\/li><li>email address,<\/li><li>phone number,<\/li><li>your message.<\/li><\/ul><p>We also collect your data by the actual visit to the website (date and time of visit).<\/p>\t\t\t\t\t\t<\/div>\n\t\t\t\t<\/div>\n\t\t\t\t<div class=\"elementor-element elementor-element-ea6661b elementor-widget elementor-widget-heading\" data-id=\"ea6661b\" data-element_type=\"widget\" data-widget_type=\"heading.default\">\n\t\t\t\t<div class=\"elementor-widget-container\">\n\t\t\t<h2 class=\"elementor-heading-title elementor-size-default\">3. Why do we process personal data?<\/h2>\t\t<\/div>\n\t\t\t\t<\/div>\n\t\t\t\t<div class=\"elementor-element elementor-element-a504d3f elementor-widget elementor-widget-text-editor\" data-id=\"a504d3f\" data-element_type=\"widget\" data-widget_type=\"text-editor.default\">\n\t\t\t\t<div class=\"elementor-widget-container\">\n\t\t\t\t\t\t\t<p>By confirming the personal data you have entered, you authorise MKV d.o.o. Potr\u010deva cesta 65, Ptuj, 2250 Ptuj processes the collected data in its databases on the basis of Article 6 (1f) of the EU General Regulation 2016\/679 and uses them for the following purposes:<\/p><ul><li>statistical processing;<\/li><li>customer segmentation and purchase behaviour analysis;<\/li><li>informing customers of any defects, corrections and changes to products and services;<\/li><li>for direct marketing campaigns: sending offers, promotional material;<\/li><li>sending invitations to events;<\/li><li>telephone, written and electronic surveys.<\/li><\/ul><p class=\" translation-block\">We will only use your personal data to fulfil our contractual obligations to you where there is a legitimate interest for us to do so, i.e. where you have consented to the processing of your data by using our services that we provide and where required by law. We may process your personal data as long as our activities do not disproportionately infringe your privacy. Even for data processing based on our legitimate interests, you have the right to restriction, which means that you may miss out on new offers and events or not be informed about them.<br><br>All the personal data described above is processed by us as the <strong>controller<\/strong>. This means that we determine the purposes for which we collect your personal data and the methods of processing, as defined above, and are responsible for ensuring that they are carried out accordingly.<br><br>We may also share your personal data with other entities that also act as <strong>controllers<\/strong>, on the basis of your consent, to advertising and social networks, on a named basis:<\/p><ul><li class=\" translation-block\"><strong>Google Ireland Limited<\/strong> (registration number: 368047), with registered office at Gordon House, Barrow Street, Dublin 4, Ireland; the company's privacy policy can be found here: https:\/\/policies.google.com\/technologies\/ads<\/li><li class=\" translation-block\"><strong>Facebook Ireland Limited<\/strong>, with registered office at 4 Grand Canal Square, Grand Canal Harbour, Dublin 2, D02 X525, Ireland; the company's privacy policy is available here: https:\/\/cs-cz.facebook.com\/about\/privacy.<\/li><\/ul><p class=\" translation-block\">We also use the services of other processors to process personal data, who process personal data only in accordance with our instructions and for the purposes. Such <strong>processors<\/strong> include:<\/p><ul><li><strong>Microsoft Ireland Operations Ltd<\/strong>., headquartered One Microsoft Place South County Business Park Leopardstown Dublin 18, D18 P521, Ireland<br \/>Managers of marketing tools, such as those that help us optimise the web and personalise content and offers for you:<\/li><li class=\" translation-block\"><strong>Google Ireland<\/strong>, based at Gordon House, Barrow Street, Dublin 4, Ireland (BigQuery, ChannelAdvisor services).<\/li><\/ul>\t\t\t\t\t\t<\/div>\n\t\t\t\t<\/div>\n\t\t\t\t<div class=\"elementor-element elementor-element-ed89fb3 elementor-widget elementor-widget-heading\" data-id=\"ed89fb3\" data-element_type=\"widget\" data-widget_type=\"heading.default\">\n\t\t\t\t<div class=\"elementor-widget-container\">\n\t\t\t<h2 class=\"elementor-heading-title elementor-size-default\">5. What rights does an individual have?<\/h2>\t\t<\/div>\n\t\t\t\t<\/div>\n\t\t\t\t<div class=\"elementor-element elementor-element-bce26bb elementor-widget elementor-widget-text-editor\" data-id=\"bce26bb\" data-element_type=\"widget\" data-widget_type=\"text-editor.default\">\n\t\t\t\t<div class=\"elementor-widget-container\">\n\t\t\t\t\t\t\t<p class=\" translation-block\">access, rectify, modify or add to the personal data concerning him or her;<br>extract or transmit a copy of the personal data concerning him or her;<br>delete the personal data or restrict its processing.<br><br>We use the e-mail address you have provided for occasional communications about our new products and services. You may request that mkv.si delete your e-mail address from our records at any time. The unsubscribe method is described in each communication we send to your email address.<\/p>\t\t\t\t\t\t<\/div>\n\t\t\t\t<\/div>\n\t\t\t\t<div class=\"elementor-element elementor-element-44059d7 elementor-widget elementor-widget-heading\" data-id=\"44059d7\" data-element_type=\"widget\" data-widget_type=\"heading.default\">\n\t\t\t\t<div class=\"elementor-widget-container\">\n\t\t\t<h2 class=\"elementor-heading-title elementor-size-default\">Legal notice<\/h2>\t\t<\/div>\n\t\t\t\t<\/div>\n\t\t\t\t<div class=\"elementor-element elementor-element-c73e2c8 elementor-widget elementor-widget-text-editor\" data-id=\"c73e2c8\" data-element_type=\"widget\" data-widget_type=\"text-editor.default\">\n\t\t\t\t<div class=\"elementor-widget-container\">\n\t\t\t\t\t\t\t<p>All content published on mkv.si is the property of MKV d.o.o. Potr\u010deva cesta 65, Ptuj, 2250 Ptuj. Without permission of MKV d.o.o. Potr\u010deva cesta 65, Ptuj, 2250 Ptuj may not be copied, reproduced or distributed in any other way. MKV d.o.o. Potr\u010deva cesta 65, Ptuj, 2250 Ptuj is not responsible for any problems with the operation of the website. MKV d.o.o. Potr\u010deva cesta 65, Ptuj, 2250 Ptuj reserves the right to any errors and changes to the content published on mkv.si.<\/p>\t\t\t\t\t\t<\/div>\n\t\t\t\t<\/div>\n\t\t\t\t<\/div>\n\t\t\t\t<\/div>","protected":false},"excerpt":{"rendered":"<p>Privacy Statement Your personal data is for MKV d.o.o. Potr\u010deva cesta 65, Ptuj, 2250 Ptuj (\"MKV\") is [...]<\/p>","protected":false},"author":2,"featured_media":0,"parent":0,"menu_order":0,"comment_status":"closed","ping_status":"closed","template":"","meta":{"_monsterinsights_skip_tracking":false,"_monsterinsights_sitenote_active":false,"_monsterinsights_sitenote_note":"","_monsterinsights_sitenote_category":0,"_uf_show_specific_survey":0,"_uf_disable_surveys":false,"site-sidebar-layout":"no-sidebar","site-content-layout":"","ast-site-content-layout":"full-width-container","site-content-style":"default","site-sidebar-style":"default","ast-global-header-display":"","ast-banner-title-visibility":"","ast-main-header-display":"","ast-hfb-above-header-display":"","ast-hfb-below-header-display":"","ast-hfb-mobile-header-display":"","site-post-title":"disabled","ast-breadcrumbs-content":"","ast-featured-img":"disabled","footer-sml-layout":"","theme-transparent-header-meta":"","adv-header-id-meta":"","stick-header-meta":"","header-above-stick-meta":"","header-main-stick-meta":"","header-below-stick-meta":"","astra-migrate-meta-layouts":"default","ast-page-background-enabled":"default","ast-page-background-meta":{"desktop":{"background-color":"var(--ast-global-color-4)","background-image":"","background-repeat":"repeat","background-position":"center center","background-size":"auto","background-attachment":"scroll","background-type":"","background-media":"","overlay-type":"","overlay-color":"","overlay-gradient":""},"tablet":{"background-color":"","background-image":"","background-repeat":"repeat","background-position":"center center","background-size":"auto","background-attachment":"scroll","background-type":"","background-media":"","overlay-type":"","overlay-color":"","overlay-gradient":""},"mobile":{"background-color":"","background-image":"","background-repeat":"repeat","background-position":"center center","background-size":"auto","background-attachment":"scroll","background-type":"","background-media":"","overlay-type":"","overlay-color":"","overlay-gradient":""}},"ast-content-background-meta":{"desktop":{"background-color":"var(--ast-global-color-5)","background-image":"","background-repeat":"repeat","background-position":"center center","background-size":"auto","background-attachment":"scroll","background-type":"","background-media":"","overlay-type":"","overlay-color":"","overlay-gradient":""},"tablet":{"background-color":"var(--ast-global-color-5)","background-image":"","background-repeat":"repeat","background-position":"center center","background-size":"auto","background-attachment":"scroll","background-type":"","background-media":"","overlay-type":"","overlay-color":"","overlay-gradient":""},"mobile":{"background-color":"var(--ast-global-color-5)","background-image":"","background-repeat":"repeat","background-position":"center center","background-size":"auto","background-attachment":"scroll","background-type":"","background-media":"","overlay-type":"","overlay-color":"","overlay-gradient":""}},"footnotes":""},"class_list":["post-524","page","type-page","status-publish","hentry"],"_links":{"self":[{"href":"https:\/\/mkv.si\/en\/wp-json\/wp\/v2\/pages\/524","targetHints":{"allow":["GET"]}}],"collection":[{"href":"https:\/\/mkv.si\/en\/wp-json\/wp\/v2\/pages"}],"about":[{"href":"https:\/\/mkv.si\/en\/wp-json\/wp\/v2\/types\/page"}],"author":[{"embeddable":true,"href":"https:\/\/mkv.si\/en\/wp-json\/wp\/v2\/users\/2"}],"replies":[{"embeddable":true,"href":"https:\/\/mkv.si\/en\/wp-json\/wp\/v2\/comments?post=524"}],"version-history":[{"count":22,"href":"https:\/\/mkv.si\/en\/wp-json\/wp\/v2\/pages\/524\/revisions"}],"predecessor-version":[{"id":547,"href":"https:\/\/mkv.si\/en\/wp-json\/wp\/v2\/pages\/524\/revisions\/547"}],"wp:attachment":[{"href":"https:\/\/mkv.si\/en\/wp-json\/wp\/v2\/media?parent=524"}],"curies":[{"name":"wp","href":"https:\/\/api.w.org\/{rel}","templated":true}]}}