{"id":524,"date":"2024-02-15T13:28:26","date_gmt":"2024-02-15T13:28:26","guid":{"rendered":"https:\/\/mkv.si\/?page_id=524"},"modified":"2024-02-15T13:38:47","modified_gmt":"2024-02-15T13:38:47","slug":"izjava-o-zasebnosti","status":"publish","type":"page","link":"https:\/\/mkv.si\/sr\/izjava-o-zasebnosti\/","title":{"rendered":"Izjava o zasebnosti"},"content":{"rendered":"<div data-elementor-type=\"wp-page\" data-elementor-id=\"524\" class=\"elementor elementor-524\" data-elementor-post-type=\"page\">\n\t\t\t\t<div class=\"elementor-element elementor-element-21ba847 e-con-full e-flex e-con e-parent\" data-id=\"21ba847\" data-element_type=\"container\" data-settings=\"{&quot;content_width&quot;:&quot;full&quot;,&quot;background_background&quot;:&quot;gradient&quot;,&quot;container_type&quot;:&quot;flex&quot;}\" data-core-v316-plus=\"true\">\n\t\t<div class=\"elementor-element elementor-element-6a7feeb e-con-full e-flex e-con e-child\" data-id=\"6a7feeb\" data-element_type=\"container\" data-settings=\"{&quot;content_width&quot;:&quot;full&quot;,&quot;container_type&quot;:&quot;flex&quot;}\">\n\t\t<div class=\"elementor-element elementor-element-65d9be5 e-con-full e-flex e-con e-child\" data-id=\"65d9be5\" data-element_type=\"container\" data-settings=\"{&quot;content_width&quot;:&quot;full&quot;,&quot;container_type&quot;:&quot;flex&quot;}\">\n\t\t\t\t<div class=\"elementor-element elementor-element-a51be95 elementor-widget elementor-widget-heading\" data-id=\"a51be95\" data-element_type=\"widget\" data-widget_type=\"heading.default\">\n\t\t\t\t<div class=\"elementor-widget-container\">\n\t\t\t<style>\/*! elementor - v3.19.0 - 29-01-2024 *\/\n.elementor-heading-title{padding:0;margin:0;line-height:1}.elementor-widget-heading .elementor-heading-title[class*=elementor-size-]>a{color:inherit;font-size:inherit;line-height:inherit}.elementor-widget-heading .elementor-heading-title.elementor-size-small{font-size:15px}.elementor-widget-heading .elementor-heading-title.elementor-size-medium{font-size:19px}.elementor-widget-heading .elementor-heading-title.elementor-size-large{font-size:29px}.elementor-widget-heading .elementor-heading-title.elementor-size-xl{font-size:39px}.elementor-widget-heading .elementor-heading-title.elementor-size-xxl{font-size:59px}<\/style><h2 class=\"elementor-heading-title elementor-size-default\">Izjava o zasebnosti<\/h2>\t\t<\/div>\n\t\t\t\t<\/div>\n\t\t\t\t<\/div>\n\t\t\t\t<\/div>\n\t\t\t\t<\/div>\n\t\t<div class=\"elementor-element elementor-element-fac960a e-con-full e-flex e-con e-parent\" data-id=\"fac960a\" data-element_type=\"container\" data-settings=\"{&quot;content_width&quot;:&quot;full&quot;,&quot;container_type&quot;:&quot;flex&quot;}\" data-core-v316-plus=\"true\">\n\t\t\t\t<div class=\"elementor-element elementor-element-819c41f elementor-widget elementor-widget-text-editor\" data-id=\"819c41f\" data-element_type=\"widget\" data-widget_type=\"text-editor.default\">\n\t\t\t\t<div class=\"elementor-widget-container\">\n\t\t\t<style>\/*! elementor - v3.19.0 - 29-01-2024 *\/\n.elementor-widget-text-editor.elementor-drop-cap-view-stacked .elementor-drop-cap{background-color:#69727d;color:#fff}.elementor-widget-text-editor.elementor-drop-cap-view-framed .elementor-drop-cap{color:#69727d;border:3px solid;background-color:transparent}.elementor-widget-text-editor:not(.elementor-drop-cap-view-default) .elementor-drop-cap{margin-top:8px}.elementor-widget-text-editor:not(.elementor-drop-cap-view-default) .elementor-drop-cap-letter{width:1em;height:1em}.elementor-widget-text-editor .elementor-drop-cap{float:left;text-align:center;line-height:1;font-size:50px}.elementor-widget-text-editor .elementor-drop-cap-letter{display:inline-block}<\/style>\t\t\t\t<p>Va\u0161i osebni podatki so za MKV d.o.o. Potr\u010deva cesta 65, Ptuj, 2250 Ptuj (v nadaljevanju \u201cMKV\u201d) zelo pomembni, zato jih varujemo s skladu z Uredbo (EU) 2016\/679 Evropskega parlamenta in Sveta o varstvu posameznikov pri obdelavi osebnih podatkov in o prostem pretoku takih podatkov ter o razveljavitvi Direktive 95\/46\/ES (Splo\u0161na uredba o varstvu podatkov) in drugo veljavno zakonodajo.<\/p>\t\t\t\t\t\t<\/div>\n\t\t\t\t<\/div>\n\t\t\t\t<div class=\"elementor-element elementor-element-388394b elementor-widget elementor-widget-heading\" data-id=\"388394b\" data-element_type=\"widget\" data-widget_type=\"heading.default\">\n\t\t\t\t<div class=\"elementor-widget-container\">\n\t\t\t<h2 class=\"elementor-heading-title elementor-size-default\">Osebni podatki<\/h2>\t\t<\/div>\n\t\t\t\t<\/div>\n\t\t\t\t<div class=\"elementor-element elementor-element-5473e93 elementor-widget elementor-widget-text-editor\" data-id=\"5473e93\" data-element_type=\"widget\" data-widget_type=\"text-editor.default\">\n\t\t\t\t<div class=\"elementor-widget-container\">\n\t\t\t\t\t\t\t<p>Va\u0161i osebni podatki so za MKV d.o.o. Potr\u010deva cesta 65, Ptuj, 2250 Ptuj (v nadaljevanju \u201cMKV\u201d) zelo pomembni, zato jih varujemo s skladu z Uredbo (EU) 2016\/679 Evropskega parlamenta in Sveta o varstvu posameznikov pri obdelavi osebnih podatkov in o prostem pretoku takih podatkov ter o razveljavitvi Direktive 95\/46\/ES (Splo\u0161na uredba o varstvu podatkov) in drugo veljavno zakonodajo.<\/p>\t\t\t\t\t\t<\/div>\n\t\t\t\t<\/div>\n\t\t\t\t<div class=\"elementor-element elementor-element-75e6fa8 elementor-widget elementor-widget-heading\" data-id=\"75e6fa8\" data-element_type=\"widget\" data-widget_type=\"heading.default\">\n\t\t\t\t<div class=\"elementor-widget-container\">\n\t\t\t<h2 class=\"elementor-heading-title elementor-size-default\">1. Kdo obdeluje va\u0161e osebne podatke?<\/h2>\t\t<\/div>\n\t\t\t\t<\/div>\n\t\t\t\t<div class=\"elementor-element elementor-element-9f26ac8 elementor-widget elementor-widget-text-editor\" data-id=\"9f26ac8\" data-element_type=\"widget\" data-widget_type=\"text-editor.default\">\n\t\t\t\t<div class=\"elementor-widget-container\">\n\t\t\t\t\t\t\t<p class=\" translation-block\">MKV d.o.o.<br>Potr\u010deva cesta 65, Ptuj, 2250 Ptuj<br>Telefon: +386 (2) 775 38 30<br>E-po\u0161ta: info@mkv.si<\/p>\t\t\t\t\t\t<\/div>\n\t\t\t\t<\/div>\n\t\t\t\t<div class=\"elementor-element elementor-element-190aca2 elementor-widget elementor-widget-heading\" data-id=\"190aca2\" data-element_type=\"widget\" data-widget_type=\"heading.default\">\n\t\t\t\t<div class=\"elementor-widget-container\">\n\t\t\t<h2 class=\"elementor-heading-title elementor-size-default\">2. Katere podatke obdelujemo?<\/h2>\t\t<\/div>\n\t\t\t\t<\/div>\n\t\t\t\t<div class=\"elementor-element elementor-element-755311d elementor-widget elementor-widget-text-editor\" data-id=\"755311d\" data-element_type=\"widget\" data-widget_type=\"text-editor.default\">\n\t\t\t\t<div class=\"elementor-widget-container\">\n\t\t\t\t\t\t\t<p>Ob izpolnitvi spletne forme na spletnem mestu, nam posredujete naslednje podatke:<\/p><ul><li>Ime in priimek,<\/li><li>e-po\u0161tni naslov,<\/li><li>telefonska \u0161tevilka,<\/li><li>va\u0161e sporo\u010dilo.<\/li><\/ul><p>Va\u0161e podatke zbiramo tudi s samim obiskom spletne strani (datum in ura obiska).<\/p>\t\t\t\t\t\t<\/div>\n\t\t\t\t<\/div>\n\t\t\t\t<div class=\"elementor-element elementor-element-ea6661b elementor-widget elementor-widget-heading\" data-id=\"ea6661b\" data-element_type=\"widget\" data-widget_type=\"heading.default\">\n\t\t\t\t<div class=\"elementor-widget-container\">\n\t\t\t<h2 class=\"elementor-heading-title elementor-size-default\">3. Zakaj obdelujemo osebne podatke?<\/h2>\t\t<\/div>\n\t\t\t\t<\/div>\n\t\t\t\t<div class=\"elementor-element elementor-element-a504d3f elementor-widget elementor-widget-text-editor\" data-id=\"a504d3f\" data-element_type=\"widget\" data-widget_type=\"text-editor.default\">\n\t\t\t\t<div class=\"elementor-widget-container\">\n\t\t\t\t\t\t\t<p>S potrditvijo vnesenih osebnih podatkov dovoljujete, da MKV d.o.o. Potr\u010deva cesta 65, Ptuj, 2250 Ptuj zbrane podatke obdeluje v svojih zbirkah na podlagi \u010dlena 6 (1f) Splo\u0161ne uredbe EU 2016\/679 in jih uporablja za naslednje namene:<\/p><ul><li>statisti\u010dne obdelave;<\/li><li>segmentacijo strank in analize nakupnega obna\u0161anja;<\/li><li>obve\u0161\u010danje strank o morebitnih napakah, popravkih in spremembah pri izdelkih in storitvah;<\/li><li>za izvedbo akcij neposrednega tr\u017eenja: po\u0161iljanje ponudb, promocijskega gradiva;<\/li><li>po\u0161iljanje vabil na dogodke;<\/li><li>telefonsko, pisno in elektronsko anketiranje.<\/li><\/ul><p class=\" translation-block\">Va\u0161e osebne podatke bomo uporabili le za izpolnitev pogodbenih obveznosti do vas, \u010de za to obstaja na\u0161 zakoniti interes, tj. ko ste pristali na obdelavo podatkov z uporabo na\u0161ih storitev, ki jih zagotavljamo, in ko to zahteva zakon. Va\u0161e osebne podatke lahko obdelujemo dokler na\u0161e dejavnosti nesorazmerno ne kr\u0161ijo va\u0161e zasebnosti. Tudi za obdelavo podatkov, ki temelji na na\u0161ih zakonitih interesih imate pravico do omejitve, kar pomeni, da boste morda zamudili nove ponudbe in dogodke oziroma o njih ne boste obve\u0161\u010deni.<br><br>Vse opisane osebne podatke obdelujemo mi kot <strong>upravljavec<\/strong>. To pomeni, da mi dolo\u010damo zgoraj opredeljene namene, v katere va\u0161e osebne podatke zbiramo in na\u010dine obdelave ter odgovarjamo za ustrezno izvajanje le-te.<br><br>Va\u0161e osebne podatke lahko posredujemo tudi drugim subjektom, ki imajo prav tako funkcijo <strong>upravljavca<\/strong>, in sicer na podlagi va\u0161ega soglasja ogla\u0161evalskim in dru\u017ebenim omre\u017ejem, in sicer poimensko:<\/p><ul><li class=\" translation-block\"><strong>Google Ireland Limited<\/strong> (registrska \u0161tevilka: 368047), s sede\u017eem Gordon House, Barrow Street, Dublin 4, Irska; politika zasebnosti dru\u017ebe je na voljo tu: https:\/\/policies.google.com\/technologies\/ads<\/li><li class=\" translation-block\"><strong>Facebook Ireland Limited<\/strong>, s sede\u017eem 4 Grand Canal Square, Grand Canal Harbour, Dublin 2, D02 X525, Irska; politika zasebnosti dru\u017ebe je na voljo tu: https:\/\/cs-cz.facebook.com\/about\/privacy.<\/li><\/ul><p class=\" translation-block\">Za obdelavo osebnih podatkov uporabljamo tudi storitve drugih obdelovalcev, ki obdelujejo osebne podatke samo v skladu z na\u0161imi navodili ter v namene. Med tak\u0161ne <strong>obdelovalce<\/strong> sodijo:<\/p><ul><li><strong>Microsoft Ireland Operations Ltd<\/strong>., headquartered One Microsoft Place South County Business Park Leopardstown Dublin 18, D18 P521, Irska<br \/>upravitelji orodij za tr\u017eenje, kot so, ki nam pomagajo pri optimizaciji spleta in personalizaciji vsebin ter ponudb za vas:<\/li><li class=\" translation-block\"><strong>Google Ireland<\/strong> s sede\u017eem v Gordon House, Barrow Street, Dublin 4, Irska (storitve BigQuery, ChannelAdvisor).<\/li><\/ul>\t\t\t\t\t\t<\/div>\n\t\t\t\t<\/div>\n\t\t\t\t<div class=\"elementor-element elementor-element-ed89fb3 elementor-widget elementor-widget-heading\" data-id=\"ed89fb3\" data-element_type=\"widget\" data-widget_type=\"heading.default\">\n\t\t\t\t<div class=\"elementor-widget-container\">\n\t\t\t<h2 class=\"elementor-heading-title elementor-size-default\">5. Katere pravice ima posameznik?<\/h2>\t\t<\/div>\n\t\t\t\t<\/div>\n\t\t\t\t<div class=\"elementor-element elementor-element-bce26bb elementor-widget elementor-widget-text-editor\" data-id=\"bce26bb\" data-element_type=\"widget\" data-widget_type=\"text-editor.default\">\n\t\t\t\t<div class=\"elementor-widget-container\">\n\t\t\t\t\t\t\t<p class=\" translation-block\">vpogled v osebne podatke, ki se nana\u0161ajo nanj; njihovo popravljanje, spreminjanje ali dodajanje;<br>izpis oziroma kopijo za prenos osebnih podatkov, ki se nana\u0161ajo nanj;<br>osebne podatke izbri\u0161e ali omeji njihovo obdelavo.<br><br>Va\u0161 e-po\u0161tni naslov, ki ste ga sami posredovali, uporabljamo za ob\u010dasna sporo\u010dila o na\u0161ih novih izdelkih in storitvah. Uporabnik lahko kadarkoli zahteva, da mkv.si zbri\u0161e njegov e-po\u0161tni naslov iz evidence. Na\u010din odjave je opisan v vsakem sporo\u010dilu, ki ga po\u0161ljemo na va\u0161 elektronski naslov.<\/p>\t\t\t\t\t\t<\/div>\n\t\t\t\t<\/div>\n\t\t\t\t<div class=\"elementor-element elementor-element-44059d7 elementor-widget elementor-widget-heading\" data-id=\"44059d7\" data-element_type=\"widget\" data-widget_type=\"heading.default\">\n\t\t\t\t<div class=\"elementor-widget-container\">\n\t\t\t<h2 class=\"elementor-heading-title elementor-size-default\">Pravno obvestilo<\/h2>\t\t<\/div>\n\t\t\t\t<\/div>\n\t\t\t\t<div class=\"elementor-element elementor-element-c73e2c8 elementor-widget elementor-widget-text-editor\" data-id=\"c73e2c8\" data-element_type=\"widget\" data-widget_type=\"text-editor.default\">\n\t\t\t\t<div class=\"elementor-widget-container\">\n\t\t\t\t\t\t\t<p>Vse vsebine, objavljene na mkv.si, so last MKV d.o.o. Potr\u010deva cesta 65, Ptuj, 2250 Ptuj. Brez dovoljenja podjetja MKV d.o.o. Potr\u010deva cesta 65, Ptuj, 2250 Ptuj jih ne sme kopirati, razmno\u017eevati ali distribuirati na kakr\u0161en koli drug na\u010din. MKV d.o.o. Potr\u010deva cesta 65, Ptuj, 2250 Ptuj ni odgovoren za morebitne te\u017eave pri delovanju spletne strani. MKV d.o.o. Potr\u010deva cesta 65, Ptuj, 2250 Ptuj si pridr\u017euje pravico do morebitnih napak in sprememb vsebin, objavljenih na mkv.si<\/p>\t\t\t\t\t\t<\/div>\n\t\t\t\t<\/div>\n\t\t\t\t<\/div>\n\t\t\t\t<\/div>","protected":false},"excerpt":{"rendered":"<p>Izjava o zasebnosti Va\u0161i osebni podatki so za MKV d.o.o. Potr\u010deva cesta 65, Ptuj, 2250 Ptuj (v nadaljevanju \u201cMKV\u201d) zelo [&hellip;]<\/p>","protected":false},"author":2,"featured_media":0,"parent":0,"menu_order":0,"comment_status":"closed","ping_status":"closed","template":"","meta":{"_monsterinsights_skip_tracking":false,"_monsterinsights_sitenote_active":false,"_monsterinsights_sitenote_note":"","_monsterinsights_sitenote_category":0,"_uf_show_specific_survey":0,"_uf_disable_surveys":false,"site-sidebar-layout":"no-sidebar","site-content-layout":"","ast-site-content-layout":"full-width-container","site-content-style":"default","site-sidebar-style":"default","ast-global-header-display":"","ast-banner-title-visibility":"","ast-main-header-display":"","ast-hfb-above-header-display":"","ast-hfb-below-header-display":"","ast-hfb-mobile-header-display":"","site-post-title":"disabled","ast-breadcrumbs-content":"","ast-featured-img":"disabled","footer-sml-layout":"","theme-transparent-header-meta":"","adv-header-id-meta":"","stick-header-meta":"","header-above-stick-meta":"","header-main-stick-meta":"","header-below-stick-meta":"","astra-migrate-meta-layouts":"default","ast-page-background-enabled":"default","ast-page-background-meta":{"desktop":{"background-color":"var(--ast-global-color-4)","background-image":"","background-repeat":"repeat","background-position":"center center","background-size":"auto","background-attachment":"scroll","background-type":"","background-media":"","overlay-type":"","overlay-color":"","overlay-gradient":""},"tablet":{"background-color":"","background-image":"","background-repeat":"repeat","background-position":"center center","background-size":"auto","background-attachment":"scroll","background-type":"","background-media":"","overlay-type":"","overlay-color":"","overlay-gradient":""},"mobile":{"background-color":"","background-image":"","background-repeat":"repeat","background-position":"center center","background-size":"auto","background-attachment":"scroll","background-type":"","background-media":"","overlay-type":"","overlay-color":"","overlay-gradient":""}},"ast-content-background-meta":{"desktop":{"background-color":"var(--ast-global-color-5)","background-image":"","background-repeat":"repeat","background-position":"center center","background-size":"auto","background-attachment":"scroll","background-type":"","background-media":"","overlay-type":"","overlay-color":"","overlay-gradient":""},"tablet":{"background-color":"var(--ast-global-color-5)","background-image":"","background-repeat":"repeat","background-position":"center center","background-size":"auto","background-attachment":"scroll","background-type":"","background-media":"","overlay-type":"","overlay-color":"","overlay-gradient":""},"mobile":{"background-color":"var(--ast-global-color-5)","background-image":"","background-repeat":"repeat","background-position":"center center","background-size":"auto","background-attachment":"scroll","background-type":"","background-media":"","overlay-type":"","overlay-color":"","overlay-gradient":""}},"footnotes":""},"class_list":["post-524","page","type-page","status-publish","hentry"],"_links":{"self":[{"href":"https:\/\/mkv.si\/sr\/wp-json\/wp\/v2\/pages\/524","targetHints":{"allow":["GET"]}}],"collection":[{"href":"https:\/\/mkv.si\/sr\/wp-json\/wp\/v2\/pages"}],"about":[{"href":"https:\/\/mkv.si\/sr\/wp-json\/wp\/v2\/types\/page"}],"author":[{"embeddable":true,"href":"https:\/\/mkv.si\/sr\/wp-json\/wp\/v2\/users\/2"}],"replies":[{"embeddable":true,"href":"https:\/\/mkv.si\/sr\/wp-json\/wp\/v2\/comments?post=524"}],"version-history":[{"count":22,"href":"https:\/\/mkv.si\/sr\/wp-json\/wp\/v2\/pages\/524\/revisions"}],"predecessor-version":[{"id":547,"href":"https:\/\/mkv.si\/sr\/wp-json\/wp\/v2\/pages\/524\/revisions\/547"}],"wp:attachment":[{"href":"https:\/\/mkv.si\/sr\/wp-json\/wp\/v2\/media?parent=524"}],"curies":[{"name":"wp","href":"https:\/\/api.w.org\/{rel}","templated":true}]}}